{"id":247,"date":"2025-10-28T17:32:39","date_gmt":"2025-10-28T16:32:39","guid":{"rendered":"https:\/\/reydearmas.com\/?page_id=247"},"modified":"2025-10-31T13:58:40","modified_gmt":"2025-10-31T12:58:40","slug":"lugartenencia-de-espana","status":"publish","type":"page","link":"https:\/\/reydearmas.com\/?page_id=247","title":{"rendered":"La Lugartenencia de Espa\u00f1a"},"content":{"rendered":"\n<figure class=\"wp-block-image size-large is-resized\"><img loading=\"lazy\" decoding=\"async\" width=\"1024\" height=\"1024\" src=\"https:\/\/reydearmas.com\/wp-content\/uploads\/2025\/10\/LUGARTENENCIA-COLOR-FINAL-1024x1024.png\" alt=\"\" class=\"wp-image-248\" style=\"width:252px;height:auto\" srcset=\"https:\/\/reydearmas.com\/wp-content\/uploads\/2025\/10\/LUGARTENENCIA-COLOR-FINAL-1024x1024.png 1024w, https:\/\/reydearmas.com\/wp-content\/uploads\/2025\/10\/LUGARTENENCIA-COLOR-FINAL-300x300.png 300w, https:\/\/reydearmas.com\/wp-content\/uploads\/2025\/10\/LUGARTENENCIA-COLOR-FINAL-150x150.png 150w, https:\/\/reydearmas.com\/wp-content\/uploads\/2025\/10\/LUGARTENENCIA-COLOR-FINAL-768x768.png 768w, https:\/\/reydearmas.com\/wp-content\/uploads\/2025\/10\/LUGARTENENCIA-COLOR-FINAL-1536x1536.png 1536w, https:\/\/reydearmas.com\/wp-content\/uploads\/2025\/10\/LUGARTENENCIA-COLOR-FINAL-2048x2048.png 2048w\" sizes=\"auto, (max-width: 1024px) 100vw, 1024px\" \/><\/figure>\n\n\n\n<p>La <strong>Lugartenencia de Espa\u00f1a de la Casa de M\u00e9dici<\/strong> constituye la representaci\u00f3n oficial en el Reino de Espa\u00f1a de la <strong>Casa Gran Ducal Medicea de Toscana<\/strong>, bajo la alta autoridad de <strong>S.A.R. el Gran Duque Ottaviano de\u2019 Medici di Toscana di Ottajano<\/strong>, Jefe Soberano de la Real Casa de\u2019 Medici, Gran Maestre de la Orden de San Esteban Papa y M\u00e1rtir&nbsp;y custodio de la antigua dignidad granducal de Toscana,<\/p>\n\n\n\n<p>La instituci\u00f3n fue <strong>erigida por Cartas Patentes otorgadas en Florencia el 24 de mayo de 2025<\/strong> en las que, <em>considerando la conveniencia de reforzar la presencia de la Casa Soberana en los Reinos de Espa\u00f1a y la necesidad de disponer de un representante estable, fiel y digno que ejerza las funciones delegables del Gobierno Human\u00edstico, Espiritual y Caballeresco<\/em>, se <strong>confiere plenamente a Don Francisco Acedo Fern\u00e1ndez, <\/strong>el cargo y dignidad de<strong> Lugarteniente General para el Reino de Espa\u00f1a<\/strong> de la Real Casa M\u00e9dici de Toscana y de la Orden de San Esteban P.M., con todos los honores, prerrogativas y deberes inherentes al Oficio.<\/p>\n\n\n\n<p>Entre sus atribuciones se hallan la <strong>representaci\u00f3n permanente de la Persona del Gran Duque <\/strong>en el territorio del Reino de Espa\u00f1a; la coordinaci\u00f3n y supervisi\u00f3n de las actividades de la Casa Granducal y de la Orden de San Esteban; la presidencia de ceremonias p\u00fablicas y privadas vinculadas a ambas instituciones; la propuesta de candidatos a honores din\u00e1sticos y caballerescos; la promulgaci\u00f3n, con aprobaci\u00f3n de la Canciller\u00eda, de reglamentos y disposiciones locales; y la salvaguarda del honor, disciplina y decoro de los miembros de la Nobleza Medicea, de la Orden de San Esteban y del Pueblo Granducal Mediceo presentes en Espa\u00f1a, <strong>promoviendo los valores del Cristianismo, del Nuevo Humanismo Mediceo y de la Caballer\u00eda<\/strong>.<\/p>\n\n\n\n<p>La <strong>Lugartenencia de Espa\u00f1a de la Casa de M\u00e9dici<\/strong> se encuentra <strong>reconocida por el Ministerio del Interior del Reino de Espa\u00f1a mediante Resoluci\u00f3n de 25 de septiembre de 2024<\/strong>, lo que garantiza su plena personalidad jur\u00eddica, transparencia institucional y conformidad con el ordenamiento vigente.<\/p>\n\n\n\n<p>Desde su sede en Espa\u00f1a, la Lugartenencia mantiene relaciones con academias, instituciones y corporaciones caballerescas internacionales, contribuyendo a la preservaci\u00f3n y estudio del Nuevo Humanismo Mediceo y al fortalecimiento de los v\u00ednculos hist\u00f3ricos entre Espa\u00f1a y Toscana, en el marco de la continuidad leg\u00edtima y soberana de la <strong>Casa Granducal de M\u00e9dici de Toscana<\/strong>.<\/p>\n\n\n\n<p>El escudo de la <strong>Lugartenencia de Espa\u00f1a de la Casa de M\u00e9dici<\/strong> est\u00e1 formado por las <strong>armas de la Casa de M\u00e9dici<\/strong> \u2014en campo de oro, seis roeles en orla, cinco de gules y el del jefe de azur con tres flores de lis de oro\u2014, <strong>rodeadas del collar del Tois\u00f3n de Oro<\/strong> y <strong>timbradas con corona real a la espa\u00f1ola<\/strong>.<\/p>\n\n\n\n<p>El <strong>Tois\u00f3n de Oro<\/strong>, que circunda el blas\u00f3n, constituye un homenaje y recuerdo a los <strong>cuatro Caballeros de la Insigne Orden del Tois\u00f3n de Oro pertenecientes a la Casa de M\u00e9dici<\/strong>, y simboliza los profundos <strong>v\u00ednculos hist\u00f3ricos entre la Toscana y las Espa\u00f1as<\/strong>, especialmente durante los siglos de la Monarqu\u00eda Hisp\u00e1nica y los Estados italianos vinculados a su \u00f3rbita.<\/p>\n\n\n\n<p>El escudo estar\u00e1 <strong>presente en la sede de la Lugartenencia, en los sellos, en los diplomas, en los documentos identificativos, en la papeler\u00eda oficial y en cuantos lugares y usos lo requiera la funci\u00f3n institucional<\/strong>, conforme a los usos y costumbres de la her\u00e1ldica hist\u00f3rica y a la legalidad vigente.<\/p>\n\n\n\n<p>Junto al escudo de la Lugartenencia podr\u00e1n disponerse siempre las <strong>armas plenas de la Casa de M\u00e9dici<\/strong>, en testimonio de la autoridad soberana del Gran Duque y de la continuidad hist\u00f3rica de su Casa.<\/p>\n\n\n\n<p><\/p>\n\n\n\n<p><\/p>\n","protected":false},"excerpt":{"rendered":"<p>La Lugartenencia de Espa\u00f1a de la Casa de M\u00e9dici constituye la representaci\u00f3n oficial en el Reino de Espa\u00f1a de la Casa Gran Ducal Medicea de Toscana, bajo la alta autoridad de S.A.R. el Gran Duque Ottaviano de\u2019 Medici di Toscana di Ottajano, Jefe Soberano de la Real Casa de\u2019 Medici, Gran Maestre de la Orden [&hellip;]<\/p>\n","protected":false},"author":1,"featured_media":0,"parent":0,"menu_order":0,"comment_status":"closed","ping_status":"closed","template":"","meta":{"footnotes":""},"class_list":["post-247","page","type-page","status-publish","hentry"],"brizy_media":[],"_links":{"self":[{"href":"https:\/\/reydearmas.com\/index.php?rest_route=\/wp\/v2\/pages\/247","targetHints":{"allow":["GET"]}}],"collection":[{"href":"https:\/\/reydearmas.com\/index.php?rest_route=\/wp\/v2\/pages"}],"about":[{"href":"https:\/\/reydearmas.com\/index.php?rest_route=\/wp\/v2\/types\/page"}],"author":[{"embeddable":true,"href":"https:\/\/reydearmas.com\/index.php?rest_route=\/wp\/v2\/users\/1"}],"replies":[{"embeddable":true,"href":"https:\/\/reydearmas.com\/index.php?rest_route=%2Fwp%2Fv2%2Fcomments&post=247"}],"version-history":[{"count":5,"href":"https:\/\/reydearmas.com\/index.php?rest_route=\/wp\/v2\/pages\/247\/revisions"}],"predecessor-version":[{"id":298,"href":"https:\/\/reydearmas.com\/index.php?rest_route=\/wp\/v2\/pages\/247\/revisions\/298"}],"wp:attachment":[{"href":"https:\/\/reydearmas.com\/index.php?rest_route=%2Fwp%2Fv2%2Fmedia&parent=247"}],"curies":[{"name":"wp","href":"https:\/\/api.w.org\/{rel}","templated":true}]}}