{"id":296,"date":"2025-10-31T13:57:46","date_gmt":"2025-10-31T12:57:46","guid":{"rendered":"https:\/\/reydearmas.com\/?page_id=296"},"modified":"2025-10-31T13:57:46","modified_gmt":"2025-10-31T12:57:46","slug":"el-minutario","status":"publish","type":"page","link":"https:\/\/reydearmas.com\/?page_id=296","title":{"rendered":"El Minutario"},"content":{"rendered":"\n<h3 class=\"wp-block-heading\"><\/h3>\n\n\n\n<figure class=\"wp-block-image size-full is-resized\"><img loading=\"lazy\" decoding=\"async\" width=\"512\" height=\"512\" src=\"https:\/\/reydearmas.com\/wp-content\/uploads\/2025\/10\/cropped-SELLO-WEB-3.png\" alt=\"\" class=\"wp-image-244\" style=\"width:227px;height:auto\" srcset=\"https:\/\/reydearmas.com\/wp-content\/uploads\/2025\/10\/cropped-SELLO-WEB-3.png 512w, https:\/\/reydearmas.com\/wp-content\/uploads\/2025\/10\/cropped-SELLO-WEB-3-300x300.png 300w, https:\/\/reydearmas.com\/wp-content\/uploads\/2025\/10\/cropped-SELLO-WEB-3-150x150.png 150w, https:\/\/reydearmas.com\/wp-content\/uploads\/2025\/10\/cropped-SELLO-WEB-3-270x270.png 270w, https:\/\/reydearmas.com\/wp-content\/uploads\/2025\/10\/cropped-SELLO-WEB-3-192x192.png 192w, https:\/\/reydearmas.com\/wp-content\/uploads\/2025\/10\/cropped-SELLO-WEB-3-180x180.png 180w, https:\/\/reydearmas.com\/wp-content\/uploads\/2025\/10\/cropped-SELLO-WEB-3-32x32.png 32w\" sizes=\"auto, (max-width: 512px) 100vw, 512px\" \/><\/figure>\n\n\n\n<p>El <strong>Minutario del Rey de Armas del Gran Duque de Toscana<\/strong> es el instrumento p\u00fablico oficial en el que se registran todas las <strong>certificaciones her\u00e1ldicas, geneal\u00f3gicas y nobiliarias<\/strong> expedidas bajo la autoridad soberana de Su Alteza Real el Gran Duque de Toscana, por conducto de su Rey de Armas.<\/p>\n\n\n\n<p>Estas certificaciones, una vez emitidas, quedan depositadas y archivadas en el <strong>Archivo del Registro Her\u00e1ldico y Geneal\u00f3gico del Minutario del Rey de Armas y de la Diputaci\u00f3n Granducal para la Nobleza y Ciudadan\u00eda de Toscana en el Reino de Espa\u00f1a<\/strong>, creado en virtud del Art\u00edculo 4.9 de los Estatutos de la <strong>Lugartenencia para Espa\u00f1a de la Casa Granducal de M\u00e9dici<\/strong>, instituida por Decreto Granducal dado en <strong>Florencia el 24 de mayo de 2025<\/strong> y <strong>reconocida por el Ministerio del Interior del Reino de Espa\u00f1a<\/strong> mediante Resoluci\u00f3n de fecha <strong>25 de septiembre de 2025<\/strong>.<\/p>\n\n\n\n<p>La <strong>certificaci\u00f3n de armas<\/strong> es el documento p\u00fablico que acredita la concesi\u00f3n, confirmaci\u00f3n o reconocimiento de un escudo de armas conforme a las reglas de la ciencia her\u00e1ldica y a la legislaci\u00f3n nobiliaria, tradici\u00f3n, usos y costumbres de la <strong>Casa Granducal Medicea de Toscana<\/strong>. Describe y representa el blas\u00f3n con precisi\u00f3n t\u00e9cnica, define su titularidad leg\u00edtima y garantiza su autenticidad y validez jur\u00eddica dentro del \u00e1mbito her\u00e1ldico y nobiliario.<\/p>\n\n\n\n<p>La <strong>certificaci\u00f3n geneal\u00f3gica<\/strong> acredita la l\u00ednea de descendencia, los v\u00ednculos familiares y la legitimidad de origen de una persona o linaje, bas\u00e1ndose en documentos hist\u00f3ricos, registros parroquiales, notariales y civiles debidamente contrastados. Su finalidad es preservar la memoria familiar, asegurar la continuidad documental de los linajes y servir de fundamento a posibles derechos nobiliarios o her\u00e1ldicos.<\/p>\n\n\n\n<p>El <strong>Minutario<\/strong> constituye un archivo vivo, garante de autenticidad, continuidad y legalidad her\u00e1ldica. En \u00e9l, cada certificaci\u00f3n queda custodiada para la posteridad como <strong>documento hist\u00f3rico<\/strong>, acompa\u00f1ada de su descripci\u00f3n t\u00e9cnica, su representaci\u00f3n gr\u00e1fica y la firma del Rey de Armas que la expidi\u00f3.<\/p>\n\n\n\n<p>Asimismo, este espacio digital se erige en <strong>referencia oficial<\/strong> para la consulta de las armas concedidas o reconocidas, dando as\u00ed plena publicidad, transparencia y seguridad jur\u00eddica a la labor her\u00e1ldica que dimana de la Casa Granducal Medicea de Toscana.<\/p>\n\n\n\n<p>Con esta iniciativa, el <strong>Gran Ducado de Toscana<\/strong> renueva su compromiso con la tradici\u00f3n nobiliaria y con la salvaguarda de la memoria her\u00e1ldica, poni\u00e9ndola al servicio de los estudiosos, de las familias hist\u00f3ricas y del p\u00fablico interesado, como testimonio vivo de una <strong>continuidad institucional<\/strong> que une el pasado con el presente.<\/p>\n","protected":false},"excerpt":{"rendered":"<p>El Minutario del Rey de Armas del Gran Duque de Toscana es el instrumento p\u00fablico oficial en el que se registran todas las certificaciones her\u00e1ldicas, geneal\u00f3gicas y nobiliarias expedidas bajo la autoridad soberana de Su Alteza Real el Gran Duque de Toscana, por conducto de su Rey de Armas. Estas certificaciones, una vez emitidas, quedan [&hellip;]<\/p>\n","protected":false},"author":2,"featured_media":0,"parent":0,"menu_order":0,"comment_status":"closed","ping_status":"closed","template":"","meta":{"footnotes":""},"class_list":["post-296","page","type-page","status-publish","hentry"],"brizy_media":[],"_links":{"self":[{"href":"https:\/\/reydearmas.com\/index.php?rest_route=\/wp\/v2\/pages\/296","targetHints":{"allow":["GET"]}}],"collection":[{"href":"https:\/\/reydearmas.com\/index.php?rest_route=\/wp\/v2\/pages"}],"about":[{"href":"https:\/\/reydearmas.com\/index.php?rest_route=\/wp\/v2\/types\/page"}],"author":[{"embeddable":true,"href":"https:\/\/reydearmas.com\/index.php?rest_route=\/wp\/v2\/users\/2"}],"replies":[{"embeddable":true,"href":"https:\/\/reydearmas.com\/index.php?rest_route=%2Fwp%2Fv2%2Fcomments&post=296"}],"version-history":[{"count":1,"href":"https:\/\/reydearmas.com\/index.php?rest_route=\/wp\/v2\/pages\/296\/revisions"}],"predecessor-version":[{"id":297,"href":"https:\/\/reydearmas.com\/index.php?rest_route=\/wp\/v2\/pages\/296\/revisions\/297"}],"wp:attachment":[{"href":"https:\/\/reydearmas.com\/index.php?rest_route=%2Fwp%2Fv2%2Fmedia&parent=296"}],"curies":[{"name":"wp","href":"https:\/\/api.w.org\/{rel}","templated":true}]}}